{"id":16716,"date":"2017-07-05T14:08:34","date_gmt":"2017-07-05T12:08:34","guid":{"rendered":"https:\/\/www.termotur.com\/projectes\/"},"modified":"2026-04-30T10:52:11","modified_gmt":"2026-04-30T08:52:11","slug":"proyectos","status":"publish","type":"page","link":"https:\/\/www.termotur.com\/es\/proyectos\/","title":{"rendered":"Proyectos"},"content":{"rendered":"<div class=\"wpb-content-wrapper\"><p>[vc_row full_width=\u00bbstretch_row\u00bb bg_type=\u00bbgrad\u00bb css=\u00bb.vc_custom_1499257315750{margin-top: 0px !important;border-top-width: 0px !important;padding-top: 50px !important;padding-bottom: 0px !important;background-color: #f9f9f9 !important;background-position: 0 0 !important;background-repeat: no-repeat !important;}\u00bb el_class=\u00bbbg_centered\u00bb bg_grad=\u00bbbackground: -webkit-gradient(linear, left top, left bottom, color-stop(0%, #E0E0E0), color-stop(1%, #F0F0F0), color-stop(2%, #F9F9F9), color-stop(77%, #FFFFFF));background: -moz-linear-gradient(top,#E0E0E0 0%,#F0F0F0 1%,#F9F9F9 2%,#FFFFFF 77%);background: -webkit-linear-gradient(top,#E0E0E0 0%,#F0F0F0 1%,#F9F9F9 2%,#FFFFFF 77%);background: -o-linear-gradient(top,#E0E0E0 0%,#F0F0F0 1%,#F9F9F9 2%,#FFFFFF 77%);background: -ms-linear-gradient(top,#E0E0E0 0%,#F0F0F0 1%,#F9F9F9 2%,#FFFFFF 77%);background: linear-gradient(top,#E0E0E0 0%,#F0F0F0 1%,#F9F9F9 2%,#FFFFFF 77%);\u00bb][vc_column]<div id=\"ultimate-heading-221869f553f8b1ce0\" class=\"uvc-heading ult-adjust-bottom-margin ultimate-heading-221869f553f8b1ce0 uvc-8787 \" data-hspacer=\"no_spacer\"  data-halign=\"center\" style=\"text-align:center\"><div class=\"uvc-heading-spacer no_spacer\" style=\"top\"><\/div><div class=\"uvc-sub-heading ult-responsive\"  data-ultimate-target='.uvc-heading.ultimate-heading-221869f553f8b1ce0 .uvc-sub-heading '  data-responsive-json-new='{\"font-size\":\"\",\"line-height\":\"\"}'  style=\"font-family:&#039;Raleway&#039;;font-weight:normal;font-style:normal;margin-bottom:30px;\"><\/p>\n<h2 style=\"text-align: center;\">PROYECTOS TERMOTUR<\/h2>\n<p><\/div><\/div>[vc_separator color=\u00bbcustom\u00bb border_width=\u00bb4&#8243; el_width=\u00bb20&#8243; css=\u00bb.vc_custom_1498728322666{padding-top: 10px !important;padding-bottom: 20px !important;}\u00bb accent_color=\u00bb#014693&#8243;][vc_column_text css=\u00bb.vc_custom_1507570147952{margin-right: 0px !important;margin-left: 0px !important;border-right-width: 0px !important;border-left-width: 0px !important;padding-right: 10px !important;padding-bottom: 0px !important;padding-left: 10px !important;}\u00bb]<\/p>\n<p style=\"text-align: center;\"><span style=\"font-size: large;\"><span style=\"color: #7e7e7e;\">Galer\u00eda de proyectos realitzados por TERMOTUR<\/span><\/span><\/p>\n<p>[\/vc_column_text][\/vc_column][\/vc_row][vc_row full_width=\u00bbstretch_row\u00bb type=\u00bbvc_default\u00bb css=\u00bb.vc_custom_1499255948093{margin-top: 0px !important;border-top-width: 0px !important;padding-top: 10px !important;padding-bottom: 45px !important;background-color: #ffffff !important;background-position: 0 0 !important;background-repeat: no-repeat !important;}\u00bb el_class=\u00bbbg_centered\u00bb][vc_column el_class=\u00bbbg_centered\u00bb css=\u00bb.vc_custom_1499257349378{padding-top: 0px !important;}\u00bb]<div id=\"ultimate-heading-821969f553f8b1d3e\" class=\"uvc-heading ult-adjust-bottom-margin ultimate-heading-821969f553f8b1d3e uvc-3991 \" data-hspacer=\"no_spacer\"  data-halign=\"center\" style=\"text-align:center\"><div class=\"uvc-heading-spacer no_spacer\" style=\"top\"><\/div><div class=\"uvc-sub-heading ult-responsive\"  data-ultimate-target='.uvc-heading.ultimate-heading-821969f553f8b1d3e .uvc-sub-heading '  data-responsive-json-new='{\"font-size\":\"\",\"line-height\":\"\"}'  style=\"font-weight:normal;margin-bottom:30px;\"><\/p>\n<h3 style=\"text-align: center;\"><span style=\"color: #014693;\">&#8212; &nbsp;2025&nbsp; &#8212;<\/span><\/h3>\n<p><\/div><\/div>[vc_masonry_media_grid style=\u00bbload-more\u00bb items_per_page=\u00bb35&#8243; element_width=\u00bb3&#8243; gap=\u00bb15&#8243; css=\u00bb\u00bb btn_title=\u00bbVEURE M\u00c9S\u00bb btn_style=\u00bbcustom\u00bb btn_custom_background=\u00bb#014693&#8243; btn_custom_text=\u00bb#ffffff\u00bb btn_shape=\u00bbsquare\u00bb grid_id=\u00bbvc_gid:1777538210947-3d5ce9d4d3922da161aeda5c32946fb9-4&#8243; include=\u00bb21330,21332,21334,21336,21338,21340,21342,21344,21346,21348,21350,21352,21354,21356,21358,21360,21362,21364,21366,21368,21370,21372,21374,21376,21378,21380,21382,21384,21386&#8243;][\/vc_column][\/vc_row][vc_row full_width=\u00bbstretch_row\u00bb type=\u00bbvc_default\u00bb css=\u00bb.vc_custom_1499255948093{margin-top: 0px !important;border-top-width: 0px !important;padding-top: 10px !important;padding-bottom: 45px !important;background-color: #ffffff !important;background-position: 0 0 !important;background-repeat: no-repeat !important;}\u00bb el_class=\u00bbbg_centered\u00bb][vc_column el_class=\u00bbbg_centered\u00bb css=\u00bb.vc_custom_1499257349378{padding-top: 0px !important;}\u00bb]<div id=\"ultimate-heading-986269f553f8b1d6d\" class=\"uvc-heading ult-adjust-bottom-margin ultimate-heading-986269f553f8b1d6d uvc-4165 \" data-hspacer=\"no_spacer\"  data-halign=\"center\" style=\"text-align:center\"><div class=\"uvc-heading-spacer no_spacer\" style=\"top\"><\/div><div class=\"uvc-sub-heading ult-responsive\"  data-ultimate-target='.uvc-heading.ultimate-heading-986269f553f8b1d6d .uvc-sub-heading '  data-responsive-json-new='{\"font-size\":\"\",\"line-height\":\"\"}'  style=\"font-weight:normal;margin-bottom:30px;\"><\/p>\n<h3 style=\"text-align: center;\"><span style=\"color: #014693;\">&#8212; \u00a02017\u00a0 &#8212;<\/span><\/h3>\n<p><\/div><\/div>[vc_masonry_media_grid style=\u00bbload-more\u00bb items_per_page=\u00bb13&#8243; element_width=\u00bb3&#8243; gap=\u00bb15&#8243; btn_title=\u00bbVEURE M\u00c9S\u00bb btn_style=\u00bbcustom\u00bb btn_custom_background=\u00bb#014693&#8243; btn_custom_text=\u00bb#ffffff\u00bb btn_shape=\u00bbsquare\u00bb grid_id=\u00bbvc_gid:1777538552454-22907a6f-3d92-0&#8243; include=\u00bb17392,17389,17382,17391,17386,17381,17383,17385,17388,17393,17390,17387,17384&#8243;][\/vc_column][\/vc_row][vc_row css=\u00bb.vc_custom_1498823379834{margin-top: 0px !important;border-top-width: 0px !important;padding-top: 0px !important;}\u00bb][vc_column css=\u00bb.vc_custom_1498823392771{margin-top: 0px !important;border-top-width: 0px !important;padding-top: 0px !important;}\u00bb][vc_tta_tabs style=\u00bboutline\u00bb shape=\u00bbsquare\u00bb color=\u00bbblack\u00bb spacing=\u00bb5&#8243; gap=\u00bb5&#8243; alignment=\u00bbcenter\u00bb active_section=\u00bb1&#8243; no_fill_content_area=\u00bbtrue\u00bb][vc_tta_section title=\u00bb2016&#8243; tab_id=\u00bb1499445069855-97387644-2e70&#8243;][vc_masonry_media_grid style=\u00bbload-more\u00bb items_per_page=\u00bb12&#8243; element_width=\u00bb3&#8243; gap=\u00bb15&#8243; btn_title=\u00bbVEURE M\u00c9S\u00bb btn_style=\u00bbcustom\u00bb btn_custom_background=\u00bb#014693&#8243; btn_custom_text=\u00bb#ffffff\u00bb btn_shape=\u00bbsquare\u00bb grid_id=\u00bbvc_gid:1777538210994-099c03a6601f16438c321a9e3d2a13c4-1&#8243; include=\u00bb17247,17248,17249,17250,17251,17252,17253,17254,17255,17256,17257,17258&#8243;][\/vc_tta_section][vc_tta_section title=\u00bb2015&#8243; tab_id=\u00bb1498820800618-35341b9d-fae4&#8243;][vc_masonry_media_grid style=\u00bbload-more\u00bb items_per_page=\u00bb12&#8243; element_width=\u00bb3&#8243; gap=\u00bb15&#8243; css=\u00bb.vc_custom_1500543650786{padding-top: 30px !important;}\u00bb btn_title=\u00bbVEURE M\u00c9S\u00bb btn_style=\u00bbcustom\u00bb btn_custom_background=\u00bb#014693&#8243; btn_custom_text=\u00bb#ffffff\u00bb btn_shape=\u00bbsquare\u00bb grid_id=\u00bbvc_gid:1777538211013-b661f7b56463ad29e532b591fe5db189-6&#8243; include=\u00bb17258,17352,17353,17354,17355,17356,17357,17358,17359,17360,17361,17362&#8243;][\/vc_tta_section][\/vc_tta_tabs][\/vc_column][\/vc_row]<\/p>\n<\/div>","protected":false},"excerpt":{"rendered":"<p>[vc_row full_width=\u00bbstretch_row\u00bb bg_type=\u00bbgrad\u00bb css=\u00bb.vc_custom_1499257315750{margin-top: 0px !important;border-top-width: 0px !important;padding-top: 50px !important;padding-bottom: 0px !important;background-color: #f9f9f9 !important;background-position: 0 0 !important;background-repeat: no-repeat !important;}\u00bb el_class=\u00bbbg_centered\u00bb bg_grad=\u00bbbackground: -webkit-gradient(linear, left top, left bottom, color-stop(0%, #E0E0E0), color-stop(1%, #F0F0F0), color-stop(2%, #F9F9F9), color-stop(77%, #FFFFFF));background: -moz-linear-gradient(top,#E0E0E0 0%,#F0F0F0 1%,#F9F9F9 2%,#FFFFFF 77%);background: -webkit-linear-gradient(top,#E0E0E0 0%,#F0F0F0 1%,#F9F9F9 2%,#FFFFFF 77%);background: -o-linear-gradient(top,#E0E0E0 0%,#F0F0F0 1%,#F9F9F9 2%,#FFFFFF 77%);background: -ms-linear-gradient(top,#E0E0E0 0%,#F0F0F0 1%,#F9F9F9 2%,#FFFFFF 77%);background: linear-gradient(top,#E0E0E0&hellip;<\/p>\n","protected":false},"author":1,"featured_media":0,"parent":0,"menu_order":0,"comment_status":"closed","ping_status":"closed","template":"","meta":{"_acf_changed":false,"footnotes":""},"class_list":["post-16716","page","type-page","status-publish","hentry","description-off"],"acf":[],"yoast_head":"<!-- This site is optimized with the Yoast SEO plugin v27.0 - https:\/\/yoast.com\/product\/yoast-seo-wordpress\/ -->\n<title>Proyectos de instalaci\u00f3n aire acondicionado y energ\u00edas - TERMOTUR<\/title>\n<meta name=\"description\" content=\"Termotur ha realizado proyectos diferentes de venta, instalaci\u00f3n y mantenimiento de aire acondicionado a particulares y empresa p\u00fablica y privada.\" \/>\n<meta name=\"robots\" content=\"index, follow, max-snippet:-1, max-image-preview:large, max-video-preview:-1\" \/>\n<link rel=\"canonical\" href=\"https:\/\/www.termotur.com\/es\/proyectos\/\" \/>\n<meta property=\"og:locale\" content=\"es_ES\" \/>\n<meta property=\"og:type\" content=\"article\" \/>\n<meta property=\"og:title\" content=\"Proyectos de instalaci\u00f3n aire acondicionado y energ\u00edas - TERMOTUR\" \/>\n<meta property=\"og:description\" content=\"Termotur ha realizado proyectos diferentes de venta, instalaci\u00f3n y mantenimiento de aire acondicionado a particulares y empresa p\u00fablica y privada.\" \/>\n<meta property=\"og:url\" content=\"https:\/\/www.termotur.com\/es\/proyectos\/\" \/>\n<meta property=\"og:site_name\" content=\"TERMOTUR\" \/>\n<meta property=\"article:modified_time\" content=\"2026-04-30T08:52:11+00:00\" \/>\n<meta name=\"twitter:card\" content=\"summary_large_image\" \/>\n<meta name=\"twitter:label1\" content=\"Tiempo de lectura\" \/>\n\t<meta name=\"twitter:data1\" content=\"3 minutos\" \/>\n<!-- \/ Yoast SEO plugin. -->","yoast_head_json":{"title":"Proyectos de instalaci\u00f3n aire acondicionado y energ\u00edas - TERMOTUR","description":"Termotur ha realizado proyectos diferentes de venta, instalaci\u00f3n y mantenimiento de aire acondicionado a particulares y empresa p\u00fablica y privada.","robots":{"index":"index","follow":"follow","max-snippet":"max-snippet:-1","max-image-preview":"max-image-preview:large","max-video-preview":"max-video-preview:-1"},"canonical":"https:\/\/www.termotur.com\/es\/proyectos\/","og_locale":"es_ES","og_type":"article","og_title":"Proyectos de instalaci\u00f3n aire acondicionado y energ\u00edas - TERMOTUR","og_description":"Termotur ha realizado proyectos diferentes de venta, instalaci\u00f3n y mantenimiento de aire acondicionado a particulares y empresa p\u00fablica y privada.","og_url":"https:\/\/www.termotur.com\/es\/proyectos\/","og_site_name":"TERMOTUR","article_modified_time":"2026-04-30T08:52:11+00:00","twitter_card":"summary_large_image","twitter_misc":{"Tiempo de lectura":"3 minutos"},"schema":{"@context":"https:\/\/schema.org","@graph":[{"@type":"WebPage","@id":"https:\/\/www.termotur.com\/es\/proyectos\/","url":"https:\/\/www.termotur.com\/es\/proyectos\/","name":"Proyectos de instalaci\u00f3n aire acondicionado y energ\u00edas - TERMOTUR","isPartOf":{"@id":"https:\/\/www.termotur.com\/es\/#website"},"datePublished":"2017-07-05T12:08:34+00:00","dateModified":"2026-04-30T08:52:11+00:00","description":"Termotur ha realizado proyectos diferentes de venta, instalaci\u00f3n y mantenimiento de aire acondicionado a particulares y empresa p\u00fablica y privada.","breadcrumb":{"@id":"https:\/\/www.termotur.com\/es\/proyectos\/#breadcrumb"},"inLanguage":"es","potentialAction":[{"@type":"ReadAction","target":["https:\/\/www.termotur.com\/es\/proyectos\/"]}]},{"@type":"BreadcrumbList","@id":"https:\/\/www.termotur.com\/es\/proyectos\/#breadcrumb","itemListElement":[{"@type":"ListItem","position":1,"name":"Portada","item":"https:\/\/www.termotur.com\/es\/home\/"},{"@type":"ListItem","position":2,"name":"Proyectos"}]},{"@type":"WebSite","@id":"https:\/\/www.termotur.com\/es\/#website","url":"https:\/\/www.termotur.com\/es\/","name":"TERMOTUR","description":"Aire condicionat \u00b7 Calefacci\u00f3 \u00b7 Gas \u00b7 Tractament d&#039;aig\u00fces","publisher":{"@id":"https:\/\/www.termotur.com\/es\/#organization"},"potentialAction":[{"@type":"SearchAction","target":{"@type":"EntryPoint","urlTemplate":"https:\/\/www.termotur.com\/es\/?s={search_term_string}"},"query-input":{"@type":"PropertyValueSpecification","valueRequired":true,"valueName":"search_term_string"}}],"inLanguage":"es"},{"@type":"Organization","@id":"https:\/\/www.termotur.com\/es\/#organization","name":"TERMOTUR","url":"https:\/\/www.termotur.com\/es\/","logo":{"@type":"ImageObject","inLanguage":"es","@id":"https:\/\/www.termotur.com\/es\/#\/schema\/logo\/image\/","url":"https:\/\/www.termotur.com\/wp-content\/uploads\/2017\/06\/logo-termotur-120.jpg","contentUrl":"https:\/\/www.termotur.com\/wp-content\/uploads\/2017\/06\/logo-termotur-120.jpg","width":577,"height":120,"caption":"TERMOTUR"},"image":{"@id":"https:\/\/www.termotur.com\/es\/#\/schema\/logo\/image\/"}}]}},"_links":{"self":[{"href":"https:\/\/www.termotur.com\/es\/wp-json\/wp\/v2\/pages\/16716","targetHints":{"allow":["GET"]}}],"collection":[{"href":"https:\/\/www.termotur.com\/es\/wp-json\/wp\/v2\/pages"}],"about":[{"href":"https:\/\/www.termotur.com\/es\/wp-json\/wp\/v2\/types\/page"}],"author":[{"embeddable":true,"href":"https:\/\/www.termotur.com\/es\/wp-json\/wp\/v2\/users\/1"}],"replies":[{"embeddable":true,"href":"https:\/\/www.termotur.com\/es\/wp-json\/wp\/v2\/comments?post=16716"}],"version-history":[{"count":4,"href":"https:\/\/www.termotur.com\/es\/wp-json\/wp\/v2\/pages\/16716\/revisions"}],"predecessor-version":[{"id":21391,"href":"https:\/\/www.termotur.com\/es\/wp-json\/wp\/v2\/pages\/16716\/revisions\/21391"}],"wp:attachment":[{"href":"https:\/\/www.termotur.com\/es\/wp-json\/wp\/v2\/media?parent=16716"}],"curies":[{"name":"wp","href":"https:\/\/api.w.org\/{rel}","templated":true}]}}