{"id":16695,"date":"2017-06-29T15:14:46","date_gmt":"2017-06-29T15:14:46","guid":{"rendered":"https:\/\/www.termotur.com\/empresa\/equip-huma\/"},"modified":"2017-10-13T16:52:44","modified_gmt":"2017-10-13T14:52:44","slug":"equipo-humano","status":"publish","type":"page","link":"https:\/\/www.termotur.com\/es\/empresa\/equipo-humano\/","title":{"rendered":"Equipo humano"},"content":{"rendered":"<div class=\"wpb-content-wrapper\"><p>[vc_row full_width=\u00bbstretch_row\u00bb bg_type=\u00bbgrad\u00bb css=\u00bb.vc_custom_1498132089756{margin-top: 0px !important;border-top-width: 0px !important;padding-top: 50px !important;padding-bottom: 0px !important;background-color: #f9f9f9 !important;background-position: 0 0 !important;background-repeat: no-repeat !important;}\u00bb el_class=\u00bbbg_centered\u00bb bg_grad=\u00bbbackground: -webkit-gradient(linear, left top, left bottom, color-stop(0%, #E0E0E0), color-stop(1%, #F0F0F0), color-stop(2%, #F9F9F9), color-stop(77%, #FFFFFF));background: -moz-linear-gradient(top,#E0E0E0 0%,#F0F0F0 1%,#F9F9F9 2%,#FFFFFF 77%);background: -webkit-linear-gradient(top,#E0E0E0 0%,#F0F0F0 1%,#F9F9F9 2%,#FFFFFF 77%);background: -o-linear-gradient(top,#E0E0E0 0%,#F0F0F0 1%,#F9F9F9 2%,#FFFFFF 77%);background: -ms-linear-gradient(top,#E0E0E0 0%,#F0F0F0 1%,#F9F9F9 2%,#FFFFFF 77%);background: linear-gradient(top,#E0E0E0 0%,#F0F0F0 1%,#F9F9F9 2%,#FFFFFF 77%);\u00bb][vc_column]<div id=\"ultimate-heading-837369e05b180b3eb\" class=\"uvc-heading ult-adjust-bottom-margin ultimate-heading-837369e05b180b3eb uvc-3021 \" data-hspacer=\"no_spacer\"  data-halign=\"center\" style=\"text-align:center\"><div class=\"uvc-heading-spacer no_spacer\" style=\"top\"><\/div><div class=\"uvc-main-heading ult-responsive\"  data-ultimate-target='.uvc-heading.ultimate-heading-837369e05b180b3eb h1'  data-responsive-json-new='{\"font-size\":\"desktop:25px;\",\"line-height\":\"desktop:20px;\"}' ><h1 style=\"font-family:&#039;Raleway&#039;;font-weight:700;color:#2761b2;margin-bottom:15px;\">Nuestro<\/h1><\/div><div class=\"uvc-sub-heading ult-responsive\"  data-ultimate-target='.uvc-heading.ultimate-heading-837369e05b180b3eb .uvc-sub-heading '  data-responsive-json-new='{\"font-size\":\"\",\"line-height\":\"\"}'  style=\"font-family:&#039;Raleway&#039;;font-weight:normal;font-style:normal;margin-bottom:30px;\"><\/p>\n<h2 style=\"text-align: center;\">Equipo humano<\/h2>\n<p><\/div><\/div>[vc_separator color=\u00bbcustom\u00bb border_width=\u00bb4&#8243; el_width=\u00bb20&#8243; accent_color=\u00bb#014693&#8243; css=\u00bb.vc_custom_1498728322666{padding-top: 10px !important;padding-bottom: 20px !important;}\u00bb][vc_column_text css=\u00bb.vc_custom_1507563185964{margin-right: 0px !important;margin-left: 0px !important;border-right-width: 0px !important;border-left-width: 0px !important;padding-right: 10px !important;padding-bottom: 60px !important;padding-left: 10px !important;}\u00bb]<\/p>\n<p style=\"text-align: center;\"><span style=\"font-size: large;\"><span style=\"color: #7e7e7e;\">Actualmente, Termotur, S.L. es un conjunto de hombres y mujeres que forman el equipo humano de la empresa. Las nuevas necesidades, est\u00e1ndares y prestaciones hacen que este conglomerado humano se estructure en equipos de trabajo, para atender unos planteamientos log\u00edsticos que cada vez requieren m\u00e1s eizaci\u00f3n:<\/span><\/span><\/p>\n<p>[\/vc_column_text][\/vc_column][\/vc_row][vc_row full_width=\u00bbstretch_row\u00bb disable_element=\u00bbyes\u00bb css=\u00bb.vc_custom_1507906341474{margin-top: 0px !important;border-top-width: 0px !important;padding-top: 0px !important;padding-bottom: 45px !important;background-color: #ffffff !important;background-position: 0 0 !important;background-repeat: no-repeat !important;}\u00bb el_class=\u00bbbg_centered\u00bb][vc_column css=\u00bb.vc_custom_1498728326993{margin-top: 0px !important;border-top-width: 0px !important;padding-top: 0px !important;}\u00bb][vc_row_inner css=\u00bb.vc_custom_1498752768228{padding-bottom: 40px !important;}\u00bb][vc_column_inner width=\u00bb1\/3&#8243;]<div class=\"ult-team-member-wrap ult-style-1   vc_custom_1507563454591\"><div class=\"ult-team-member-image\" style=\"\"> <img decoding=\"async\" class=\"\" src=\"https:\/\/www.termotur.com\/wp-content\/uploads\/2017\/06\/logistica.jpg\" alt=\"null\"  style=\"\"><span class=\"ult-team-member-image-overlay \"  ><\/span><\/div><div class=\"ult-team-member-bio-wrap style-1 ultimate-heading69e05b180b94c\" style=\"text-align:center;; \"><div class=\"ult-team-member-name-wrap\"><h2 class=\"ult-team-member-name ult-responsive\"  data-ultimate-target='.ult-team-member-bio-wrap.ultimate-heading69e05b180b94c .ult-team-member-name'  data-responsive-json-new='{\"font-size\":\"desktop:24px;\",\"line-height\":\"\"}'  style=\"color:#014693;\">Log\u00edstica<\/h2><div class=\"ult-team-member-description ult-responsive\"  data-ultimate-target='.ult-team-member-bio-wrap.ultimate-heading69e05b180b94c .ult-team-member-description'  data-responsive-json-new='{\"font-size\":\"\",\"line-height\":\"\"}'  style=\"\"><p><\/p>\n<p style=\"text-align: justify;\">En una empresa de estas caracter\u00edsticas, los componentes, los recambios y el material en general adquieren un papel de primer orden en su buen funcionamiento. Por esta raz\u00f3n, la pol\u00edtica aplicada en relaci\u00f3n a las existencias y, sobretodo, su reposici\u00f3n, basada en criterios de <em>just in time<\/em>, determina y condiciona el buen funcionamiento de toda la estructura.<\/p>\n<p><\/p><\/div><div style=\"margin-bottom:15px\"><\/div><\/div><\/div><\/div>[\/vc_column_inner][vc_column_inner width=\u00bb1\/3&#8243;]<div class=\"ult-team-member-wrap ult-style-1   vc_custom_1507563463793\"><div class=\"ult-team-member-image\" style=\"\"> <img decoding=\"async\" class=\"\" src=\"https:\/\/www.termotur.com\/wp-content\/uploads\/2014\/03\/noimage-28.jpg\" alt=\"null\"  style=\"\"><span class=\"ult-team-member-image-overlay \"  ><\/span><\/div><div class=\"ult-team-member-bio-wrap style-1 ultimate-heading69e05b180bea4\" style=\"text-align:center;; \"><div class=\"ult-team-member-name-wrap\"><h2 class=\"ult-team-member-name ult-responsive\"  data-ultimate-target='.ult-team-member-bio-wrap.ultimate-heading69e05b180bea4 .ult-team-member-name'  data-responsive-json-new='{\"font-size\":\"desktop:24px;\",\"line-height\":\"\"}'  style=\"color:#014693;\">Formaci\u00f3n<\/h2><div class=\"ult-team-member-description ult-responsive\"  data-ultimate-target='.ult-team-member-bio-wrap.ultimate-heading69e05b180bea4 .ult-team-member-description'  data-responsive-json-new='{\"font-size\":\"\",\"line-height\":\"\"}'  style=\"\"><p><\/p>\n<p style=\"text-align: justify;\">En el marco de la formaci\u00f3n y calificaci\u00f3n del equipo humano de la empresa, se impartieron a lo largo del a\u00f1o 2001, unos cursos sobre la calidad de la empresa y la prevenci\u00f3n de riesgos laborales. Estos es un ejemplo de la cultura empresarial de Termotur, que est\u00e1 comprometida con los recursos humanos.<\/p>\n<p><\/p><\/div><div style=\"margin-bottom:15px\"><\/div><\/div><\/div><\/div>[\/vc_column_inner][vc_column_inner width=\u00bb1\/3&#8243;]<div class=\"ult-team-member-wrap ult-style-1   vc_custom_1507563529145\"><div class=\"ult-team-member-image\" style=\"\"> <img decoding=\"async\" class=\"\" src=\"https:\/\/www.termotur.com\/wp-content\/uploads\/2014\/03\/noimage-28.jpg\" alt=\"null\"  style=\"\"><span class=\"ult-team-member-image-overlay \"  ><\/span><\/div><div class=\"ult-team-member-bio-wrap style-1 ultimate-heading69e05b180c237\" style=\"text-align:center;; \"><div class=\"ult-team-member-name-wrap\"><h2 class=\"ult-team-member-name ult-responsive\"  data-ultimate-target='.ult-team-member-bio-wrap.ultimate-heading69e05b180c237 .ult-team-member-name'  data-responsive-json-new='{\"font-size\":\"desktop:24px;\",\"line-height\":\"\"}'  style=\"color:#014693;\">El encuentro anual<\/h2><div class=\"ult-team-member-description ult-responsive\"  data-ultimate-target='.ult-team-member-bio-wrap.ultimate-heading69e05b180c237 .ult-team-member-description'  data-responsive-json-new='{\"font-size\":\"\",\"line-height\":\"\"}'  style=\"\"><p><\/p>\n<p style=\"text-align: justify;\">Con la voluntad de rendir un homenaje al trabajo bien hecho, Termotur inici\u00f3 en 1997 un encuentro anual con todo el colectivo de trabajadores de la empresa, en el transcurso de la cual, adem\u00e1s de los aspectos festivos y de celebraci\u00f3n, se reconoce la trayectoria y el trabajo de una persona de este colectivo. Lo que se quiere reconocer, en cada caso, es la profesionalidad, la lealtad y la dedicaci\u00f3n a la buena marcha de la empresa.<\/p>\n<p><\/p><\/div><div style=\"margin-bottom:15px\"><\/div><\/div><\/div><\/div>[\/vc_column_inner][\/vc_row_inner][vc_row_inner gap=\u00bb5&#8243;][vc_column_inner width=\u00bb1\/3&#8243;]<div class=\"ult-team-member-wrap ult-style-1   vc_custom_1507563602576\"><div class=\"ult-team-member-image\" style=\"\"> <img decoding=\"async\" class=\"\" src=\"https:\/\/www.termotur.com\/wp-content\/uploads\/2014\/03\/noimage-28.jpg\" alt=\"null\"  style=\"\"><span class=\"ult-team-member-image-overlay \"  ><\/span><\/div><div class=\"ult-team-member-bio-wrap style-1 ultimate-heading69e05b180c55b\" style=\"text-align:center;; \"><div class=\"ult-team-member-name-wrap\"><h2 class=\"ult-team-member-name ult-responsive\"  data-ultimate-target='.ult-team-member-bio-wrap.ultimate-heading69e05b180c55b .ult-team-member-name'  data-responsive-json-new='{\"font-size\":\"desktop:24px;\",\"line-height\":\"desktop:32px;\"}'  style=\"color:#014693;\">\u00c1rea de Gesti\u00f3n de Instalaciones<\/h2><div class=\"ult-team-member-description ult-responsive\"  data-ultimate-target='.ult-team-member-bio-wrap.ultimate-heading69e05b180c55b .ult-team-member-description'  data-responsive-json-new='{\"font-size\":\"\",\"line-height\":\"\"}'  style=\"\"><p><\/p>\n<p style=\"text-align: justify;\">Esta \u00e1rea trabaja en la instalaci\u00f3n de equipamientos basados \u200b\u200ben el aire acondicionado o la calefacci\u00f3n y en el tratamiento de aguas. El equipo que forma esta \u00e1rea, tan fundamental en la empresa, es un personal altamente tecnificado y cualificado que valora la calidad de la instalaci\u00f3n, pero tambi\u00e9n el control sanitario y el correcto funcionamiento en el momento de la puesta a punto y el seguimiento posteriores.<\/p>\n<p><\/p><\/div><div style=\"margin-bottom:15px\"><\/div><\/div><\/div><\/div>[\/vc_column_inner][vc_column_inner width=\u00bb1\/3&#8243;]<div class=\"ult-team-member-wrap ult-style-1   vc_custom_1507563712331\"><div class=\"ult-team-member-image\" style=\"\"> <img decoding=\"async\" class=\"\" src=\"https:\/\/www.termotur.com\/wp-content\/uploads\/2014\/03\/noimage-28.jpg\" alt=\"null\"  style=\"\"><span class=\"ult-team-member-image-overlay \"  ><\/span><\/div><div class=\"ult-team-member-bio-wrap style-1 ultimate-heading69e05b180c889\" style=\"text-align:center;; \"><div class=\"ult-team-member-name-wrap\"><h2 class=\"ult-team-member-name ult-responsive\"  data-ultimate-target='.ult-team-member-bio-wrap.ultimate-heading69e05b180c889 .ult-team-member-name'  data-responsive-json-new='{\"font-size\":\"desktop:24px;\",\"line-height\":\"desktop:32px;\"}'  style=\"color:#014693;\">\u00c1rea de Servicio y Mantenimiento<\/h2><div class=\"ult-team-member-description ult-responsive\"  data-ultimate-target='.ult-team-member-bio-wrap.ultimate-heading69e05b180c889 .ult-team-member-description'  data-responsive-json-new='{\"font-size\":\"\",\"line-height\":\"\"}'  style=\"\"><p><\/p>\n<p style=\"text-align: justify;\">Esta \u00e1rea desarrolla sus tareas en una doble direcci\u00f3n. Por un lado, se anticipa la realizaci\u00f3n de la instalaci\u00f3n con un servicio llave en mano, es decir, que act\u00faa en el dise\u00f1o, la gesti\u00f3n y la ejecuci\u00f3n del proyecto aportando la experiencia de la empresa en relaci\u00f3n a la elecci\u00f3n de los aparatos m\u00e1s adecuados y adaptados a las necesidades espec\u00edficas de los clientes.<\/p>\n<p style=\"text-align: justify;\">Por otra parte, ofrece en todo momento un servicio post-venta que se fundamenta en un equipo \u00e1gil y cualificado de profesionales bien coordinados y formatos.<\/p>\n<p><\/p><\/div><div style=\"margin-bottom:15px\"><\/div><\/div><\/div><\/div>[\/vc_column_inner][vc_column_inner width=\u00bb1\/3&#8243;]<div class=\"ult-team-member-wrap ult-style-1   vc_custom_1507563773800\"><div class=\"ult-team-member-image\" style=\"\"> <img decoding=\"async\" class=\"\" src=\"https:\/\/www.termotur.com\/wp-content\/uploads\/2014\/03\/noimage-28.jpg\" alt=\"null\"  style=\"\"><span class=\"ult-team-member-image-overlay \"  ><\/span><\/div><div class=\"ult-team-member-bio-wrap style-1 ultimate-heading69e05b180cd3f\" style=\"text-align:center;; \"><div class=\"ult-team-member-name-wrap\"><h2 class=\"ult-team-member-name ult-responsive\"  data-ultimate-target='.ult-team-member-bio-wrap.ultimate-heading69e05b180cd3f .ult-team-member-name'  data-responsive-json-new='{\"font-size\":\"desktop:24px;\",\"line-height\":\"desktop:32px;\"}'  style=\"color:#014693;\">El \u00c1rea de Coordinaci\u00f3n, Atenci\u00f3n al Cliente y Administraci\u00f3n<\/h2><div class=\"ult-team-member-description ult-responsive\"  data-ultimate-target='.ult-team-member-bio-wrap.ultimate-heading69e05b180cd3f .ult-team-member-description'  data-responsive-json-new='{\"font-size\":\"\",\"line-height\":\"\"}'  style=\"\"><p><\/p>\n<p style=\"text-align: justify;\">Esta \u00e1rea se encarga de todos los aspectos relacionados con la coordinaci\u00f3n y la planificaci\u00f3n de los diferentes departamentos de la empresa. Tambi\u00e9n se ocupa de las cuestiones estrictamente administrativas y contables, adem\u00e1s de los aspectos propios de la relaci\u00f3n y la comunicaci\u00f3n con los clientes.<\/p>\n<p><\/p><\/div><div style=\"margin-bottom:15px\"><\/div><\/div><\/div><\/div>[\/vc_column_inner][\/vc_row_inner][\/vc_column][\/vc_row]<\/p>\n<\/div>","protected":false},"excerpt":{"rendered":"<p>[vc_row full_width=\u00bbstretch_row\u00bb bg_type=\u00bbgrad\u00bb css=\u00bb.vc_custom_1498132089756{margin-top: 0px !important;border-top-width: 0px !important;padding-top: 50px !important;padding-bottom: 0px !important;background-color: #f9f9f9 !important;background-position: 0 0 !important;background-repeat: no-repeat !important;}\u00bb el_class=\u00bbbg_centered\u00bb bg_grad=\u00bbbackground: -webkit-gradient(linear, left top, left bottom, color-stop(0%, #E0E0E0), color-stop(1%, #F0F0F0), color-stop(2%, #F9F9F9), color-stop(77%, #FFFFFF));background: -moz-linear-gradient(top,#E0E0E0 0%,#F0F0F0 1%,#F9F9F9 2%,#FFFFFF 77%);background: -webkit-linear-gradient(top,#E0E0E0 0%,#F0F0F0 1%,#F9F9F9 2%,#FFFFFF 77%);background: -o-linear-gradient(top,#E0E0E0 0%,#F0F0F0 1%,#F9F9F9 2%,#FFFFFF 77%);background: -ms-linear-gradient(top,#E0E0E0 0%,#F0F0F0 1%,#F9F9F9 2%,#FFFFFF 77%);background: linear-gradient(top,#E0E0E0&hellip;<\/p>\n","protected":false},"author":1,"featured_media":0,"parent":16687,"menu_order":0,"comment_status":"closed","ping_status":"closed","template":"","meta":{"_acf_changed":false,"footnotes":""},"class_list":["post-16695","page","type-page","status-publish","hentry","description-off"],"acf":[],"yoast_head":"<!-- This site is optimized with the Yoast SEO plugin v27.0 - https:\/\/yoast.com\/product\/yoast-seo-wordpress\/ -->\n<title>Equipo humano. Aire acondicionado, calefacci\u00f3n, gas - TERMOTUR<\/title>\n<meta name=\"description\" content=\"Termotur es un conjunto de hombres y mujeres que forman el equipo humano de la empresa. Las nuevas necesidades requieren organizaci\u00f3n en equipos de trabajo.\" \/>\n<meta name=\"robots\" content=\"index, follow, max-snippet:-1, max-image-preview:large, max-video-preview:-1\" \/>\n<link rel=\"canonical\" href=\"https:\/\/www.termotur.com\/es\/empresa\/equipo-humano\/\" \/>\n<meta property=\"og:locale\" content=\"es_ES\" \/>\n<meta property=\"og:type\" content=\"article\" \/>\n<meta property=\"og:title\" content=\"Equipo humano. Aire acondicionado, calefacci\u00f3n, gas - TERMOTUR\" \/>\n<meta property=\"og:description\" content=\"Termotur es un conjunto de hombres y mujeres que forman el equipo humano de la empresa. Las nuevas necesidades requieren organizaci\u00f3n en equipos de trabajo.\" \/>\n<meta property=\"og:url\" content=\"https:\/\/www.termotur.com\/es\/empresa\/equipo-humano\/\" \/>\n<meta property=\"og:site_name\" content=\"TERMOTUR\" \/>\n<meta property=\"article:modified_time\" content=\"2017-10-13T14:52:44+00:00\" \/>\n<meta name=\"twitter:card\" content=\"summary_large_image\" \/>\n<meta name=\"twitter:label1\" content=\"Tiempo de lectura\" \/>\n\t<meta name=\"twitter:data1\" content=\"6 minutos\" \/>\n<!-- \/ Yoast SEO plugin. -->","yoast_head_json":{"title":"Equipo humano. Aire acondicionado, calefacci\u00f3n, gas - TERMOTUR","description":"Termotur es un conjunto de hombres y mujeres que forman el equipo humano de la empresa. Las nuevas necesidades requieren organizaci\u00f3n en equipos de trabajo.","robots":{"index":"index","follow":"follow","max-snippet":"max-snippet:-1","max-image-preview":"max-image-preview:large","max-video-preview":"max-video-preview:-1"},"canonical":"https:\/\/www.termotur.com\/es\/empresa\/equipo-humano\/","og_locale":"es_ES","og_type":"article","og_title":"Equipo humano. Aire acondicionado, calefacci\u00f3n, gas - TERMOTUR","og_description":"Termotur es un conjunto de hombres y mujeres que forman el equipo humano de la empresa. Las nuevas necesidades requieren organizaci\u00f3n en equipos de trabajo.","og_url":"https:\/\/www.termotur.com\/es\/empresa\/equipo-humano\/","og_site_name":"TERMOTUR","article_modified_time":"2017-10-13T14:52:44+00:00","twitter_card":"summary_large_image","twitter_misc":{"Tiempo de lectura":"6 minutos"},"schema":{"@context":"https:\/\/schema.org","@graph":[{"@type":"WebPage","@id":"https:\/\/www.termotur.com\/es\/empresa\/equipo-humano\/","url":"https:\/\/www.termotur.com\/es\/empresa\/equipo-humano\/","name":"Equipo humano. Aire acondicionado, calefacci\u00f3n, gas - TERMOTUR","isPartOf":{"@id":"https:\/\/www.termotur.com\/es\/#website"},"datePublished":"2017-06-29T15:14:46+00:00","dateModified":"2017-10-13T14:52:44+00:00","description":"Termotur es un conjunto de hombres y mujeres que forman el equipo humano de la empresa. Las nuevas necesidades requieren organizaci\u00f3n en equipos de trabajo.","breadcrumb":{"@id":"https:\/\/www.termotur.com\/es\/empresa\/equipo-humano\/#breadcrumb"},"inLanguage":"es","potentialAction":[{"@type":"ReadAction","target":["https:\/\/www.termotur.com\/es\/empresa\/equipo-humano\/"]}]},{"@type":"BreadcrumbList","@id":"https:\/\/www.termotur.com\/es\/empresa\/equipo-humano\/#breadcrumb","itemListElement":[{"@type":"ListItem","position":1,"name":"Portada","item":"https:\/\/www.termotur.com\/es\/home\/"},{"@type":"ListItem","position":2,"name":"Empresa","item":"https:\/\/www.termotur.com\/es\/empresa\/"},{"@type":"ListItem","position":3,"name":"Equipo humano"}]},{"@type":"WebSite","@id":"https:\/\/www.termotur.com\/es\/#website","url":"https:\/\/www.termotur.com\/es\/","name":"TERMOTUR","description":"Aire condicionat \u00b7 Calefacci\u00f3 \u00b7 Gas \u00b7 Tractament d&#039;aig\u00fces","publisher":{"@id":"https:\/\/www.termotur.com\/es\/#organization"},"potentialAction":[{"@type":"SearchAction","target":{"@type":"EntryPoint","urlTemplate":"https:\/\/www.termotur.com\/es\/?s={search_term_string}"},"query-input":{"@type":"PropertyValueSpecification","valueRequired":true,"valueName":"search_term_string"}}],"inLanguage":"es"},{"@type":"Organization","@id":"https:\/\/www.termotur.com\/es\/#organization","name":"TERMOTUR","url":"https:\/\/www.termotur.com\/es\/","logo":{"@type":"ImageObject","inLanguage":"es","@id":"https:\/\/www.termotur.com\/es\/#\/schema\/logo\/image\/","url":"https:\/\/www.termotur.com\/wp-content\/uploads\/2017\/06\/logo-termotur-120.jpg","contentUrl":"https:\/\/www.termotur.com\/wp-content\/uploads\/2017\/06\/logo-termotur-120.jpg","width":577,"height":120,"caption":"TERMOTUR"},"image":{"@id":"https:\/\/www.termotur.com\/es\/#\/schema\/logo\/image\/"}}]}},"_links":{"self":[{"href":"https:\/\/www.termotur.com\/es\/wp-json\/wp\/v2\/pages\/16695","targetHints":{"allow":["GET"]}}],"collection":[{"href":"https:\/\/www.termotur.com\/es\/wp-json\/wp\/v2\/pages"}],"about":[{"href":"https:\/\/www.termotur.com\/es\/wp-json\/wp\/v2\/types\/page"}],"author":[{"embeddable":true,"href":"https:\/\/www.termotur.com\/es\/wp-json\/wp\/v2\/users\/1"}],"replies":[{"embeddable":true,"href":"https:\/\/www.termotur.com\/es\/wp-json\/wp\/v2\/comments?post=16695"}],"version-history":[{"count":0,"href":"https:\/\/www.termotur.com\/es\/wp-json\/wp\/v2\/pages\/16695\/revisions"}],"up":[{"embeddable":true,"href":"https:\/\/www.termotur.com\/es\/wp-json\/wp\/v2\/pages\/16687"}],"wp:attachment":[{"href":"https:\/\/www.termotur.com\/es\/wp-json\/wp\/v2\/media?parent=16695"}],"curies":[{"name":"wp","href":"https:\/\/api.w.org\/{rel}","templated":true}]}}