{"id":16694,"date":"2017-06-30T13:39:50","date_gmt":"2017-06-30T13:39:50","guid":{"rendered":"https:\/\/www.termotur.com\/empresa\/certificacions-iso\/"},"modified":"2019-03-04T11:59:31","modified_gmt":"2019-03-04T10:59:31","slug":"certificaciones-iso","status":"publish","type":"page","link":"https:\/\/www.termotur.com\/es\/empresa\/certificaciones-iso\/","title":{"rendered":"Certificaciones ISO"},"content":{"rendered":"<div class=\"wpb-content-wrapper\"><p>[vc_row full_width=\u00bbstretch_row\u00bb bg_type=\u00bbgrad\u00bb css=\u00bb.vc_custom_1498132089756{margin-top: 0px !important;border-top-width: 0px !important;padding-top: 50px !important;padding-bottom: 0px !important;background-color: #f9f9f9 !important;background-position: 0 0 !important;background-repeat: no-repeat !important;}\u00bb el_class=\u00bbbg_centered\u00bb bg_grad=\u00bbbackground: -webkit-gradient(linear, left top, left bottom, color-stop(0%, #E0E0E0), color-stop(1%, #F0F0F0), color-stop(2%, #F9F9F9), color-stop(77%, #FFFFFF));background: -moz-linear-gradient(top,#E0E0E0 0%,#F0F0F0 1%,#F9F9F9 2%,#FFFFFF 77%);background: -webkit-linear-gradient(top,#E0E0E0 0%,#F0F0F0 1%,#F9F9F9 2%,#FFFFFF 77%);background: -o-linear-gradient(top,#E0E0E0 0%,#F0F0F0 1%,#F9F9F9 2%,#FFFFFF 77%);background: -ms-linear-gradient(top,#E0E0E0 0%,#F0F0F0 1%,#F9F9F9 2%,#FFFFFF 77%);background: linear-gradient(top,#E0E0E0 0%,#F0F0F0 1%,#F9F9F9 2%,#FFFFFF 77%);\u00bb][vc_column]<div id=\"ultimate-heading-274769e57af1727a0\" class=\"uvc-heading ult-adjust-bottom-margin ultimate-heading-274769e57af1727a0 uvc-4471 \" data-hspacer=\"no_spacer\"  data-halign=\"center\" style=\"text-align:center\"><div class=\"uvc-heading-spacer no_spacer\" style=\"top\"><\/div><div class=\"uvc-main-heading ult-responsive\"  data-ultimate-target='.uvc-heading.ultimate-heading-274769e57af1727a0 h1'  data-responsive-json-new='{\"font-size\":\"desktop:25px;\",\"line-height\":\"desktop:20px;\"}' ><h1 style=\"font-family:&#039;Raleway&#039;;font-weight:700;color:#2761b2;margin-bottom:15px;\">Calidad y medio ambiente<\/h1><\/div><div class=\"uvc-sub-heading ult-responsive\"  data-ultimate-target='.uvc-heading.ultimate-heading-274769e57af1727a0 .uvc-sub-heading '  data-responsive-json-new='{\"font-size\":\"\",\"line-height\":\"\"}'  style=\"font-family:&#039;Raleway&#039;;font-weight:normal;font-style:normal;margin-bottom:30px;\"><\/p>\n<h2 style=\"text-align: center;\">Certificaciones ISO<\/h2>\n<p><\/div><\/div>[vc_separator color=\u00bbcustom\u00bb border_width=\u00bb4&#8243; el_width=\u00bb20&#8243; accent_color=\u00bb#014693&#8243; css=\u00bb.vc_custom_1551466944767{padding-top: 0px !important;padding-bottom: 35px !important;}\u00bb][vc_column_text css=\u00bb.vc_custom_1551467111372{margin-right: 0px !important;margin-left: 0px !important;border-right-width: 0px !important;border-left-width: 0px !important;padding-right: 10px !important;padding-bottom: 30px !important;padding-left: 10px !important;}\u00bb]<\/p>\n<p style=\"text-align: center;\"><span style=\"font-size: large;\"><span style=\"color: #7e7e7e;\">En nuestro compromiso por la calidad y el respeto por el medio ambiente, Termotur adapt\u00f3 el sistema de gesti\u00f3n de alta calidad ya que pose\u00eda los m\u00e1s estrictos est\u00e1ndares, lo que nos ha permitido obtener los distintivos internacionales ISO 9001:2008 e ISO 14001:2004.<\/span><\/span><\/p>\n<p>[\/vc_column_text]<div class=\"ult-ih-container ult-adjust-bottom-margin  \" >\t<ul class=\"ult-ih-list \"  data-shape=\"circle\"  data-width=\"180\"  data-height=\"180\"  style=\"text-align:center; \"><li id=\"ult-ih-list-item-6260\" class=\"ult-ih-list-item\" style=\"height: 180px; width: 180px;  margin: 15px\"><a class=\"ult-ih-link\" href=\"https:\/\/www.termotur.com\/wp-content\/uploads\/2019\/03\/Politica-integrada-CAT-ES.pdf\" target=\"_blank\" rel=\"noopener\"  ><div style=\"height: 180px; width: 180px; \" class=\"ult-ih-item ult-ih-effect5    \"><div class=\"ult-ih-image-block\" style=\"height: 180px; width: 180px; \">\t<div class=\"ult-ih-wrapper\" style=\"border-style: solid; border-color: rgba(255,255,255,0.2); border-width: 20px;\"><\/div>\t<img decoding=\"async\" class=\"ult-ih-image\" src=\"https:\/\/www.termotur.com\/wp-content\/uploads\/2019\/03\/logo-qualitat-medi-ambient-termotur.png\" alt=\"null\"><\/div><div class=\"ult-ih-info\" >\t<div class=\"ult-ih-info-back\" style=\"background-color: rgba(0,0,0,0.75); \">\t<div class=\"ult-ih-content\">\t\t\t<div class=\"ult-ih-heading-block\" style=\"\">\t\t\t\t<h3 class=\"ult-ih-heading ult-responsive\" style=\"color:#ffffff;\"  data-ultimate-target='#ult-ih-list-item-6260 .ult-ih-heading'  data-responsive-json-new='{\"font-size\":\"desktop:22px;\",\"line-height\":\"desktop:28px;\"}' >PDF<\/h3>\t\t\t<\/div>\t\t\t<div class=\"ult-ih-divider-block\" style=\"height:1px;\">\t\t\t\t<span class=\"ult-ih-line\" style=\"border-style:solid;border-color:rgba(255,255,255,0.75);width:100px;border-width:1px;\"><\/span>\t\t\t<\/div>\t\t\t<div class=\"ult-ih-description-block\" style=\"\">\t\t\t\t<div class=\"ult-ih-description ult-responsive\" style=\"color:#bbbbbb;\"  data-ultimate-target='#ult-ih-list-item-6260 .ult-ih-description, #ult-ih-list-item-6260 .ult-ih-description p'  data-responsive-json-new='{\"font-size\":\"desktop:12px;\",\"line-height\":\"desktop:18px;\"}' ><p>POL\u00cdTICA INTEGRADA CALIDAD Y MEDIOAMBIENTE<\/p>\n\t\t\t\t<\/div>\t\t\t<\/div>\t<\/div>\t<\/div><\/div><\/div><\/a><\/li>\t<\/ul><\/div>[vc_column_text css=\u00bb.vc_custom_1551697168073{margin-top: 0px !important;margin-bottom: 25px !important;padding-top: 0px !important;}\u00bb]<\/p>\n<p style=\"text-align: center;\"><strong>POL\u00cdTICA INTEGRADA DE CALIDAD Y MEDIOAMBIENTE<\/strong><br \/>\n\u00b7 <a href=\"https:\/\/www.termotur.com\/wp-content\/uploads\/2019\/03\/Politica-integrada-CAT-ES.pdf\" target=\"_blank\" rel=\"noopener noreferrer\">VER DECLARACI\u00d3N<\/a> \u00b7<\/p>\n<p>[\/vc_column_text][vc_column_text css=\u00bb.vc_custom_1507562292538{margin-right: 0px !important;margin-left: 0px !important;border-right-width: 0px !important;border-left-width: 0px !important;padding-right: 10px !important;padding-bottom: 60px !important;padding-left: 10px !important;}\u00bb]<\/p>\n<p style=\"text-align: justify;\"><span style=\"color: #7e7e7e;\">Disponer de la certificaci\u00f3n ISO 9001 constituye una garant\u00eda de m\u00e1xima calidad para con nuestros clientes y la certificaci\u00f3n ISO 14001 demuestra nuestro alto grado de compromiso con el medio ambiente.<\/span><\/p>\n<p style=\"text-align: justify;\"><span style=\"color: #7e7e7e;\">La pol\u00edtica medioambiental de Termotur orienta todas sus actividades hacia la mejora de los procedimientos que contribuyan al desarrollo del medio ambiente adapt\u00e1ndose a las normativas aplicables en este momento que hacen referencia a la mejora del impacto ambiental, la prevenci\u00f3n de la contaminaci\u00f3n y la evaluaci\u00f3n de riesgos potenciales.<\/span><\/p>\n<p style=\"text-align: justify;\"><span style=\"color: #7e7e7e;\">Como empresa instaladora de Gas Natural, optamos en su momento por esta fuente de energ\u00eda que, amparada bajo la eficacia, la econom\u00eda y la ecolog\u00eda, est\u00e1 destinada a convertirse en la primera a escala mundial para el presente siglo, dados sus precios competitivos y, tambi\u00e9n, por el hecho de ser una energ\u00eda limpia (la menos contaminante de las energ\u00edas de origen f\u00f3sil), y la m\u00e1s respetuosa con el paisaje.<\/span><\/p>\n<p style=\"text-align: justify;\"><span style=\"color: #7e7e7e;\">Gas Natural ha optado por el modelo que propone la norma internacional ISO 14001, que consiste en la implantaci\u00f3n de un sistema de gesti\u00f3n medioambiental que implica desde los m\u00e1s altos cargos directivos hasta los empleados de los diferentes centros de trabajo. Esta normativa act\u00faa en la prevenci\u00f3n de la contaminaci\u00f3n y la evaluaci\u00f3n de riesgos potenciales en que se pueda incurrir.<\/span><\/p>\n<p>[\/vc_column_text][\/vc_column][\/vc_row]<\/p>\n<\/div>","protected":false},"excerpt":{"rendered":"<p>[vc_row full_width=\u00bbstretch_row\u00bb bg_type=\u00bbgrad\u00bb css=\u00bb.vc_custom_1498132089756{margin-top: 0px !important;border-top-width: 0px !important;padding-top: 50px !important;padding-bottom: 0px !important;background-color: #f9f9f9 !important;background-position: 0 0 !important;background-repeat: no-repeat !important;}\u00bb el_class=\u00bbbg_centered\u00bb bg_grad=\u00bbbackground: -webkit-gradient(linear, left top, left bottom, color-stop(0%, #E0E0E0), color-stop(1%, #F0F0F0), color-stop(2%, #F9F9F9), color-stop(77%, #FFFFFF));background: -moz-linear-gradient(top,#E0E0E0 0%,#F0F0F0 1%,#F9F9F9 2%,#FFFFFF 77%);background: -webkit-linear-gradient(top,#E0E0E0 0%,#F0F0F0 1%,#F9F9F9 2%,#FFFFFF 77%);background: -o-linear-gradient(top,#E0E0E0 0%,#F0F0F0 1%,#F9F9F9 2%,#FFFFFF 77%);background: -ms-linear-gradient(top,#E0E0E0 0%,#F0F0F0 1%,#F9F9F9 2%,#FFFFFF 77%);background: linear-gradient(top,#E0E0E0&hellip;<\/p>\n","protected":false},"author":1,"featured_media":0,"parent":16687,"menu_order":0,"comment_status":"closed","ping_status":"closed","template":"","meta":{"_acf_changed":false,"footnotes":""},"class_list":["post-16694","page","type-page","status-publish","hentry","description-off"],"acf":[],"yoast_head":"<!-- This site is optimized with the Yoast SEO plugin v27.0 - https:\/\/yoast.com\/product\/yoast-seo-wordpress\/ -->\n<title>Certificaciones ISO. Calidad y medio ambiente - TERMOTUR<\/title>\n<meta name=\"description\" content=\"En nuestro compromiso por la calidad y el respeto por el medio ambiente, Termotur adapt\u00f3 el sistema de gesti\u00f3n de alta calidad a los estrictos est\u00e1ndares.\" \/>\n<meta name=\"robots\" content=\"index, follow, max-snippet:-1, max-image-preview:large, max-video-preview:-1\" \/>\n<link rel=\"canonical\" href=\"https:\/\/www.termotur.com\/es\/empresa\/certificaciones-iso\/\" \/>\n<meta property=\"og:locale\" content=\"es_ES\" \/>\n<meta property=\"og:type\" content=\"article\" \/>\n<meta property=\"og:title\" content=\"Certificaciones ISO. Calidad y medio ambiente - TERMOTUR\" \/>\n<meta property=\"og:description\" content=\"En nuestro compromiso por la calidad y el respeto por el medio ambiente, Termotur adapt\u00f3 el sistema de gesti\u00f3n de alta calidad a los estrictos est\u00e1ndares.\" \/>\n<meta property=\"og:url\" content=\"https:\/\/www.termotur.com\/es\/empresa\/certificaciones-iso\/\" \/>\n<meta property=\"og:site_name\" content=\"TERMOTUR\" \/>\n<meta property=\"article:modified_time\" content=\"2019-03-04T10:59:31+00:00\" \/>\n<meta name=\"twitter:card\" content=\"summary_large_image\" \/>\n<meta name=\"twitter:label1\" content=\"Tiempo de lectura\" \/>\n\t<meta name=\"twitter:data1\" content=\"3 minutos\" \/>\n<!-- \/ Yoast SEO plugin. -->","yoast_head_json":{"title":"Certificaciones ISO. Calidad y medio ambiente - TERMOTUR","description":"En nuestro compromiso por la calidad y el respeto por el medio ambiente, Termotur adapt\u00f3 el sistema de gesti\u00f3n de alta calidad a los estrictos est\u00e1ndares.","robots":{"index":"index","follow":"follow","max-snippet":"max-snippet:-1","max-image-preview":"max-image-preview:large","max-video-preview":"max-video-preview:-1"},"canonical":"https:\/\/www.termotur.com\/es\/empresa\/certificaciones-iso\/","og_locale":"es_ES","og_type":"article","og_title":"Certificaciones ISO. Calidad y medio ambiente - TERMOTUR","og_description":"En nuestro compromiso por la calidad y el respeto por el medio ambiente, Termotur adapt\u00f3 el sistema de gesti\u00f3n de alta calidad a los estrictos est\u00e1ndares.","og_url":"https:\/\/www.termotur.com\/es\/empresa\/certificaciones-iso\/","og_site_name":"TERMOTUR","article_modified_time":"2019-03-04T10:59:31+00:00","twitter_card":"summary_large_image","twitter_misc":{"Tiempo de lectura":"3 minutos"},"schema":{"@context":"https:\/\/schema.org","@graph":[{"@type":"WebPage","@id":"https:\/\/www.termotur.com\/es\/empresa\/certificaciones-iso\/","url":"https:\/\/www.termotur.com\/es\/empresa\/certificaciones-iso\/","name":"Certificaciones ISO. Calidad y medio ambiente - TERMOTUR","isPartOf":{"@id":"https:\/\/www.termotur.com\/es\/#website"},"datePublished":"2017-06-30T13:39:50+00:00","dateModified":"2019-03-04T10:59:31+00:00","description":"En nuestro compromiso por la calidad y el respeto por el medio ambiente, Termotur adapt\u00f3 el sistema de gesti\u00f3n de alta calidad a los estrictos est\u00e1ndares.","breadcrumb":{"@id":"https:\/\/www.termotur.com\/es\/empresa\/certificaciones-iso\/#breadcrumb"},"inLanguage":"es","potentialAction":[{"@type":"ReadAction","target":["https:\/\/www.termotur.com\/es\/empresa\/certificaciones-iso\/"]}]},{"@type":"BreadcrumbList","@id":"https:\/\/www.termotur.com\/es\/empresa\/certificaciones-iso\/#breadcrumb","itemListElement":[{"@type":"ListItem","position":1,"name":"Portada","item":"https:\/\/www.termotur.com\/es\/home\/"},{"@type":"ListItem","position":2,"name":"Empresa","item":"https:\/\/www.termotur.com\/es\/empresa\/"},{"@type":"ListItem","position":3,"name":"Certificaciones ISO"}]},{"@type":"WebSite","@id":"https:\/\/www.termotur.com\/es\/#website","url":"https:\/\/www.termotur.com\/es\/","name":"TERMOTUR","description":"Aire condicionat \u00b7 Calefacci\u00f3 \u00b7 Gas \u00b7 Tractament d&#039;aig\u00fces","publisher":{"@id":"https:\/\/www.termotur.com\/es\/#organization"},"potentialAction":[{"@type":"SearchAction","target":{"@type":"EntryPoint","urlTemplate":"https:\/\/www.termotur.com\/es\/?s={search_term_string}"},"query-input":{"@type":"PropertyValueSpecification","valueRequired":true,"valueName":"search_term_string"}}],"inLanguage":"es"},{"@type":"Organization","@id":"https:\/\/www.termotur.com\/es\/#organization","name":"TERMOTUR","url":"https:\/\/www.termotur.com\/es\/","logo":{"@type":"ImageObject","inLanguage":"es","@id":"https:\/\/www.termotur.com\/es\/#\/schema\/logo\/image\/","url":"https:\/\/www.termotur.com\/wp-content\/uploads\/2017\/06\/logo-termotur-120.jpg","contentUrl":"https:\/\/www.termotur.com\/wp-content\/uploads\/2017\/06\/logo-termotur-120.jpg","width":577,"height":120,"caption":"TERMOTUR"},"image":{"@id":"https:\/\/www.termotur.com\/es\/#\/schema\/logo\/image\/"}}]}},"_links":{"self":[{"href":"https:\/\/www.termotur.com\/es\/wp-json\/wp\/v2\/pages\/16694","targetHints":{"allow":["GET"]}}],"collection":[{"href":"https:\/\/www.termotur.com\/es\/wp-json\/wp\/v2\/pages"}],"about":[{"href":"https:\/\/www.termotur.com\/es\/wp-json\/wp\/v2\/types\/page"}],"author":[{"embeddable":true,"href":"https:\/\/www.termotur.com\/es\/wp-json\/wp\/v2\/users\/1"}],"replies":[{"embeddable":true,"href":"https:\/\/www.termotur.com\/es\/wp-json\/wp\/v2\/comments?post=16694"}],"version-history":[{"count":0,"href":"https:\/\/www.termotur.com\/es\/wp-json\/wp\/v2\/pages\/16694\/revisions"}],"up":[{"embeddable":true,"href":"https:\/\/www.termotur.com\/es\/wp-json\/wp\/v2\/pages\/16687"}],"wp:attachment":[{"href":"https:\/\/www.termotur.com\/es\/wp-json\/wp\/v2\/media?parent=16694"}],"curies":[{"name":"wp","href":"https:\/\/api.w.org\/{rel}","templated":true}]}}