{"id":16686,"date":"2017-07-11T13:54:38","date_gmt":"2017-07-11T11:54:38","guid":{"rendered":"https:\/\/www.termotur.com\/contacte\/"},"modified":"2025-12-22T21:12:09","modified_gmt":"2025-12-22T20:12:09","slug":"contacto-2","status":"publish","type":"page","link":"https:\/\/www.termotur.com\/es\/contacto-2\/","title":{"rendered":"Contacto"},"content":{"rendered":"<div class=\"wpb-content-wrapper\"><p>[vc_row full_width=\u00bbstretch_row_content_no_spaces\u00bb css=\u00bb.vc_custom_1510849403007{margin-top: 0px !important;margin-right: 0px !important;margin-bottom: 0px !important;margin-left: 0px !important;}\u00bb][vc_column][vc_gmaps link=\u00bb#E-8_JTNDaWZyYW1lJTIwc3JjJTNEJTIyaHR0cHMlM0ElMkYlMkZ3d3cuZ29vZ2xlLmNvbSUyRm1hcHMlMkZlbWJlZCUzRnBiJTNEJTIxMW0xNCUyMTFtOCUyMTFtMyUyMTFkMTE5MzEuMjQyMDYxMTEyNzQ3JTIxMmQyLjY3MDY1OSUyMTNkNDEuNjE2NjA5JTIxM20yJTIxMWkxMDI0JTIxMmk3NjglMjE0ZjEzLjElMjEzbTMlMjExbTIlMjExczB4MCUyNTNBMHhkNTRiOTM3NTY1ODhjYTI3JTIxMnNURVJNT1RVUiUyMTVlMCUyMTNtMiUyMTFzZXMlMjEyc2VzJTIxNHYxNTEwODQ4OTY1MDM3JTIyJTIwd2lkdGglM0QlMjI1MDAlMjIlMjBoZWlnaHQlM0QlMjIzNTAlMjIlMjBmcmFtZWJvcmRlciUzRCUyMjAlMjIlMjBzdHlsZSUzRCUyMmJvcmRlciUzQTAlMjIlMjBhbGxvd2Z1bGxzY3JlZW4lM0UlM0MlMkZpZnJhbWUlM0U=\u00bb size=\u00bb350px\u00bb css=\u00bb.vc_custom_1510849378423{margin-top: 0px !important;margin-right: 0px !important;margin-bottom: 0px !important;margin-left: 0px !important;}\u00bb][\/vc_column][\/vc_row][vc_row full_width=\u00bbstretch_row\u00bb bg_type=\u00bbgrad\u00bb css=\u00bb.vc_custom_1498132089756{margin-top: 0px !important;border-top-width: 0px !important;padding-top: 50px !important;padding-bottom: 0px !important;background-color: #f9f9f9 !important;background-position: 0 0 !important;background-repeat: no-repeat !important;}\u00bb el_class=\u00bbbg_centered\u00bb bg_grad=\u00bbbackground: -webkit-gradient(linear, left top, left bottom, color-stop(0%, #E0E0E0), color-stop(1%, #F0F0F0), color-stop(2%, #F9F9F9), color-stop(77%, #FFFFFF));background: -moz-linear-gradient(top,#E0E0E0 0%,#F0F0F0 1%,#F9F9F9 2%,#FFFFFF 77%);background: -webkit-linear-gradient(top,#E0E0E0 0%,#F0F0F0 1%,#F9F9F9 2%,#FFFFFF 77%);background: -o-linear-gradient(top,#E0E0E0 0%,#F0F0F0 1%,#F9F9F9 2%,#FFFFFF 77%);background: -ms-linear-gradient(top,#E0E0E0 0%,#F0F0F0 1%,#F9F9F9 2%,#FFFFFF 77%);background: linear-gradient(top,#E0E0E0 0%,#F0F0F0 1%,#F9F9F9 2%,#FFFFFF 77%);\u00bb][vc_column]<div id=\"ultimate-heading-475769ff450e500cf\" class=\"uvc-heading ult-adjust-bottom-margin ultimate-heading-475769ff450e500cf uvc-9968 \" data-hspacer=\"no_spacer\"  data-halign=\"center\" style=\"text-align:center\"><div class=\"uvc-heading-spacer no_spacer\" style=\"top\"><\/div><div class=\"uvc-main-heading ult-responsive\"  data-ultimate-target='.uvc-heading.ultimate-heading-475769ff450e500cf h1'  data-responsive-json-new='{\"font-size\":\"desktop:25px;\",\"line-height\":\"desktop:20px;\"}' ><h1 style=\"font-family:&#039;Raleway&#039;;font-weight:700;color:#2761b2;margin-bottom:15px;\">Pueden contactar en<\/h1><\/div><div class=\"uvc-sub-heading ult-responsive\"  data-ultimate-target='.uvc-heading.ultimate-heading-475769ff450e500cf .uvc-sub-heading '  data-responsive-json-new='{\"font-size\":\"\",\"line-height\":\"\"}'  style=\"font-family:&#039;Raleway&#039;;font-weight:normal;font-style:normal;margin-bottom:30px;\"><\/p>\n<h2 style=\"text-align: center;\">EL EDIFICIO TERMOTUR<\/h2>\n<p><\/div><\/div>[\/vc_column][\/vc_row][vc_row full_width=\u00bbstretch_row\u00bb bg_type=\u00bbgrad\u00bb css=\u00bb.vc_custom_1498132089756{margin-top: 0px !important;border-top-width: 0px !important;padding-top: 50px !important;padding-bottom: 0px !important;background-color: #f9f9f9 !important;background-position: 0 0 !important;background-repeat: no-repeat !important;}\u00bb el_class=\u00bbbg_centered\u00bb bg_grad=\u00bbbackground: -webkit-gradient(linear, left top, left bottom, color-stop(0%, #E0E0E0), color-stop(1%, #F0F0F0), color-stop(2%, #F9F9F9), color-stop(77%, #FFFFFF));background: -moz-linear-gradient(top,#E0E0E0 0%,#F0F0F0 1%,#F9F9F9 2%,#FFFFFF 77%);background: -webkit-linear-gradient(top,#E0E0E0 0%,#F0F0F0 1%,#F9F9F9 2%,#FFFFFF 77%);background: -o-linear-gradient(top,#E0E0E0 0%,#F0F0F0 1%,#F9F9F9 2%,#FFFFFF 77%);background: -ms-linear-gradient(top,#E0E0E0 0%,#F0F0F0 1%,#F9F9F9 2%,#FFFFFF 77%);background: linear-gradient(top,#E0E0E0 0%,#F0F0F0 1%,#F9F9F9 2%,#FFFFFF 77%);\u00bb][vc_column width=\u00bb1\/3&#8243;]<div class=\"aio-icon-component    style_1\"><div id=\"Info-box-wrap-1718\" class=\"aio-icon-box default-icon\" style=\"\"  ><div class=\"aio-icon-default\"><div class=\"ult-just-icon-wrapper  \"><div class=\"align-icon\" style=\"text-align:center;\">\n<div class=\"aio-icon circle \"  style=\"color:#ffffff;background:#014693;font-size:20px;display:inline-block;\">\n\t<i class=\"Defaults-check\"><\/i>\n<\/div><\/div><\/div><\/div><div class=\"aio-icon-header\" ><h3 class=\"aio-icon-title ult-responsive\"  data-ultimate-target='#Info-box-wrap-1718 .aio-icon-title'  data-responsive-json-new='{\"font-size\":\"\",\"line-height\":\"\"}'  style=\"color:#014693;\">Direcci\u00f3n<\/h3><\/div> <!-- header --><div class=\"aio-icon-description ult-responsive\"  data-ultimate-target='#Info-box-wrap-1718 .aio-icon-description'  data-responsive-json-new='{\"font-size\":\"\",\"line-height\":\"\"}'  style=\"\"><b>TERMOTUR, S.L.<\/b><br \/>\n<a href=\"https:\/\/www.google.es\/maps\/place\/TERMOTUR\/@41.616609,2.670659,15z\/data=!4m5!3m4!1s0x0:0xd54b93756588ca27!8m2!3d41.616609!4d2.670659\">Rierany dels Frares, 7-8, 08397<br \/>\n08397 Pineda de Mar, Barcelona<\/a><\/div> <!-- description --><\/div> <!-- aio-icon-box --><\/div> <!-- aio-icon-component -->[\/vc_column][vc_column width=\u00bb1\/3&#8243;]<div class=\"aio-icon-component    style_1\"><a class=\"aio-icon-box-link\" href=\"tel:937690249\" ><div id=\"Info-box-wrap-1569\" class=\"aio-icon-box default-icon\" style=\"\"  ><div class=\"aio-icon-default\"><div class=\"ult-just-icon-wrapper  \"><div class=\"align-icon\" style=\"text-align:center;\">\n<div class=\"aio-icon circle \"  style=\"color:#ffffff;background:#014693;font-size:20px;display:inline-block;\">\n\t<i class=\"Defaults-phone\"><\/i>\n<\/div><\/div><\/div><\/div><div class=\"aio-icon-header\" ><h3 class=\"aio-icon-title ult-responsive\"  data-ultimate-target='#Info-box-wrap-1569 .aio-icon-title'  data-responsive-json-new='{\"font-size\":\"\",\"line-height\":\"\"}'  style=\"color:#014693;\">Tel\u00e9fono<\/h3><\/div> <!-- header --><div class=\"aio-icon-description ult-responsive\"  data-ultimate-target='#Info-box-wrap-1569 .aio-icon-description'  data-responsive-json-new='{\"font-size\":\"\",\"line-height\":\"\"}'  style=\"\"><a href=\"tel:937690249\">937.69.02.49<\/a><br \/>\n<small>(de 9:00 a 13:00h. y de 15:00 a 19:00h., de lunes a viernes)<\/small><\/div> <!-- description --><\/div> <!-- aio-icon-box --><\/a><\/div> <!-- aio-icon-component --><div class=\"aio-icon-component    style_1\"><a class=\"aio-icon-box-link\" href=\"tel:636200800\" ><div id=\"Info-box-wrap-5550\" class=\"aio-icon-box default-icon\" style=\"\"  ><div class=\"aio-icon-default\"><div class=\"ult-just-icon-wrapper  \"><div class=\"align-icon\" style=\"text-align:center;\">\n<div class=\"aio-icon circle \"  style=\"color:#ffffff;background:#014693;font-size:20px;display:inline-block;\">\n\t<i class=\"Defaults-phone\"><\/i>\n<\/div><\/div><\/div><\/div><div class=\"aio-icon-header\" ><h3 class=\"aio-icon-title ult-responsive\"  data-ultimate-target='#Info-box-wrap-5550 .aio-icon-title'  data-responsive-json-new='{\"font-size\":\"\",\"line-height\":\"\"}'  style=\"color:#014693;\">Tel\u00e9fono de Acci\u00f3n Inmediata<\/h3><\/div> <!-- header --><div class=\"aio-icon-description ult-responsive\"  data-ultimate-target='#Info-box-wrap-5550 .aio-icon-description'  data-responsive-json-new='{\"font-size\":\"\",\"line-height\":\"\"}'  style=\"\"><a href=\"tel:636200800\">636.200.800<\/a><br \/>\n<small>(de 8:00 a 20:00h., 365 d\u00edas\/a\u00f1o)<\/small><\/div> <!-- description --><\/div> <!-- aio-icon-box --><\/a><\/div> <!-- aio-icon-component -->[\/vc_column][vc_column width=\u00bb1\/3&#8243;]<div class=\"aio-icon-component    style_1\"><div id=\"Info-box-wrap-7521\" class=\"aio-icon-box default-icon\" style=\"\"  ><div class=\"aio-icon-default\"><div class=\"ult-just-icon-wrapper  \"><div class=\"align-icon\" style=\"text-align:center;\">\n<div class=\"aio-icon circle \"  style=\"color:#ffffff;background:#014693;font-size:20px;display:inline-block;\">\n\t<i class=\"Defaults-fax\"><\/i>\n<\/div><\/div><\/div><\/div><div class=\"aio-icon-header\" ><h3 class=\"aio-icon-title ult-responsive\"  data-ultimate-target='#Info-box-wrap-7521 .aio-icon-title'  data-responsive-json-new='{\"font-size\":\"\",\"line-height\":\"\"}'  style=\"color:#014693;\">Fax<\/h3><\/div> <!-- header --><div class=\"aio-icon-description ult-responsive\"  data-ultimate-target='#Info-box-wrap-7521 .aio-icon-description'  data-responsive-json-new='{\"font-size\":\"\",\"line-height\":\"\"}'  style=\"\">937.66.20.61<\/div> <!-- description --><\/div> <!-- aio-icon-box --><\/div> <!-- aio-icon-component --><div class=\"aio-icon-component    style_1\"><a class=\"aio-icon-box-link\" href=\"mailto:termotur@termotur.com\" ><div id=\"Info-box-wrap-6165\" class=\"aio-icon-box default-icon\" style=\"\"  ><div class=\"aio-icon-default\"><div class=\"ult-just-icon-wrapper  \"><div class=\"align-icon\" style=\"text-align:center;\">\n<div class=\"aio-icon circle \"  style=\"color:#ffffff;background:#014693;font-size:20px;display:inline-block;\">\n\t<i class=\"Defaults-envelope-o\"><\/i>\n<\/div><\/div><\/div><\/div><div class=\"aio-icon-header\" ><h3 class=\"aio-icon-title ult-responsive\"  data-ultimate-target='#Info-box-wrap-6165 .aio-icon-title'  data-responsive-json-new='{\"font-size\":\"\",\"line-height\":\"\"}'  style=\"color:#014693;\">Correo electr\u00f3nico<\/h3><\/div> <!-- header --><div class=\"aio-icon-description ult-responsive\"  data-ultimate-target='#Info-box-wrap-6165 .aio-icon-description'  data-responsive-json-new='{\"font-size\":\"\",\"line-height\":\"\"}'  style=\"\"><a href=\"mailto:termotur@termotur.com\">termotur@termotur.com<\/a><\/div> <!-- description --><\/div> <!-- aio-icon-box --><\/a><\/div> <!-- aio-icon-component -->[\/vc_column][\/vc_row][vc_row full_width=\u00bbstretch_row\u00bb type=\u00bbvc_default\u00bb css=\u00bb.vc_custom_1504687567574{margin-top: 0px !important;border-top-width: 0px !important;padding-top: 25px !important;padding-bottom: 40px !important;background-color: #ffffff !important;background-position: 0 0 !important;background-repeat: no-repeat !important;}\u00bb el_class=\u00bbbg_centered\u00bb][vc_column el_class=\u00bbbg_centered\u00bb]<div id=\"ultimate-heading-738869ff450e5056b\" class=\"uvc-heading ult-adjust-bottom-margin ultimate-heading-738869ff450e5056b uvc-6749 \" data-hspacer=\"no_spacer\"  data-halign=\"center\" style=\"text-align:center\"><div class=\"uvc-heading-spacer no_spacer\" style=\"top\"><\/div><div class=\"uvc-main-heading ult-responsive\"  data-ultimate-target='.uvc-heading.ultimate-heading-738869ff450e5056b h1'  data-responsive-json-new='{\"font-size\":\"desktop:25px;\",\"line-height\":\"desktop:20px;\"}' ><h1 style=\"font-family:&#039;Raleway&#039;;font-weight:700;color:#2761b2;margin-top:20px;margin-bottom:12px;\">Formulario<\/h1><\/div><div class=\"uvc-sub-heading ult-responsive\"  data-ultimate-target='.uvc-heading.ultimate-heading-738869ff450e5056b .uvc-sub-heading '  data-responsive-json-new='{\"font-size\":\"\",\"line-height\":\"\"}'  style=\"font-family:&#039;Raleway&#039;;font-weight:normal;font-style:normal;margin-bottom:40px;\"><\/p>\n<h2 style=\"text-align: center;\">De contacto<\/h2>\n<p><\/div><\/div><div class=\"frm_forms  with_frm_style frm_style_formidable-style\" id=\"frm_form_8_container\" >\n<form enctype=\"multipart\/form-data\" method=\"post\" class=\"frm-show-form  frm_ajax_submit  frm_pro_form \" id=\"form_oz0fh2\" >\n<div class=\"frm_form_fields \">\n<fieldset>\n<legend class=\"frm_hidden\">Formulario de contacto - ES<\/legend>\r\n\r\n<div class=\"frm_fields_container\">\n<input type=\"hidden\" name=\"frm_action\" value=\"create\" \/>\n<input type=\"hidden\" name=\"form_id\" value=\"8\" \/>\n<input type=\"hidden\" name=\"frm_hide_fields_8\" id=\"frm_hide_fields_8\" value=\"\" \/>\n<input type=\"hidden\" name=\"form_key\" value=\"oz0fh2\" \/>\n<input type=\"hidden\" name=\"item_meta[0]\" value=\"\" \/>\n<input type=\"hidden\" id=\"frm_submit_entry_8\" name=\"frm_submit_entry_8\" value=\"694ad09570\" \/><input type=\"hidden\" name=\"_wp_http_referer\" value=\"\/es\/wp-json\/wp\/v2\/pages\/16686\" \/><div id=\"frm_field_85_container\" class=\"frm_form_field form-field  frm_required_field frm_none_container frm_first frm_half\">\r\n    <label for=\"field_5v3712\" class=\"frm_primary_label\">Nombre\r\n        <span class=\"frm_required\">*<\/span>\r\n    <\/label>\r\n    <input  type=\"text\" id=\"field_5v3712\" name=\"item_meta[85]\" value=\"\"  placeholder=\"Nombre *\" data-reqmsg=\"Este campo no puede estar en blanco.\" aria-required=\"true\" data-invmsg=\"Nombre no es v\u00e1lido\" aria-invalid=\"false\"   \/>\r\n    \r\n    \r\n<\/div>\n<div id=\"frm_field_86_container\" class=\"frm_form_field form-field  frm_required_field frm_none_container frm_half\">\r\n    <label for=\"field_mk21s2\" class=\"frm_primary_label\">Email\r\n        <span class=\"frm_required\">*<\/span>\r\n    <\/label>\r\n    <input  type=\"text\" id=\"field_mk21s2\" name=\"item_meta[86]\" value=\"\"  placeholder=\"Email *\" data-reqmsg=\"Este campo no puede estar en blanco.\" aria-required=\"true\" data-invmsg=\"Email no es v\u00e1lido\" aria-invalid=\"false\"   \/>\r\n    \r\n    \r\n<\/div>\n<div id=\"frm_field_87_container\" class=\"frm_form_field form-field  frm_required_field frm_none_container frm_first frm_half\">\r\n    <label for=\"field_n1jk02\" class=\"frm_primary_label\">Tel\u00e9fono\r\n        <span class=\"frm_required\">*<\/span>\r\n    <\/label>\r\n    <input type=\"tel\" id=\"field_n1jk02\" name=\"item_meta[87]\" value=\"\"  placeholder=\"Tel\u00e9fono *\" data-reqmsg=\"Este campo no puede estar en blanco.\" aria-required=\"true\" data-invmsg=\"Tel\u00e8fon no es v\u00e1lido\" aria-invalid=\"false\" pattern=\"((\\+\\d{1,3}(-|.| )?\\(?\\d\\)?(-| |.)?\\d{1,5})|(\\(?\\d{2,6}\\)?))(-|.| )?(\\d{3,4})(-|.| )?(\\d{4})(( x| ext)\\d{1,5}){0,1}$\"  \/>\r\n    \r\n    \r\n<\/div>\n<div id=\"frm_field_88_container\" class=\"frm_form_field form-field  frm_required_field frm_none_container frm_half\">\r\n    <label for=\"field_w5ljb2\" class=\"frm_primary_label\">Ciudad\r\n        <span class=\"frm_required\">*<\/span>\r\n    <\/label>\r\n    <input  type=\"text\" id=\"field_w5ljb2\" name=\"item_meta[88]\" value=\"\"  placeholder=\"Ciudad *\" data-reqmsg=\"Este campo no puede estar en blanco.\" aria-required=\"true\" data-invmsg=\"Ciudad no es v\u00e1lido\" aria-invalid=\"false\"   \/>\r\n    \r\n    \r\n<\/div>\n<div id=\"frm_field_89_container\" class=\"frm_form_field form-field  frm_required_field frm_none_container\">\r\n    <label for=\"field_8h2tl2\" class=\"frm_primary_label\">Mensaje\r\n        <span class=\"frm_required\">*<\/span>\r\n    <\/label>\r\n    <textarea name=\"item_meta[89]\" id=\"field_8h2tl2\" rows=\"5\"  placeholder=\"Mensaje *\" data-reqmsg=\"Este campo no puede estar en blanco.\" aria-required=\"true\" data-invmsg=\"Mensaje no es v\u00e1lido\" aria-invalid=\"false\"  ><\/textarea>\r\n    \r\n    \r\n<\/div>\n<div id=\"frm_field_104_container\" class=\"frm_form_field  frm_html_container form-field\">De acuerdo con la normativa vigente en Protecci\u00f3n de Datos Personales, le informamos que los datos que nos facilita ser\u00e1n tratados con el fin de prestarle nuestros servicios. Los datos proporcionados se conservar\u00e1n durante el tiempo necesario para cumplir con las obligaciones legales y no se ceder\u00e1n a terceros salvo en los casos en que exista una obligaci\u00f3n legal. Usted tiene derecho a obtener confirmaci\u00f3n sobre si estamos tratando sus datos personales y a acceder a los mismos, rectificarlos, solicitar su portabilidad, oponerse a su tratamiento o solicitar su limitaci\u00f3n. Responsable: TERMOTUR S.L. - CIF B08958670 - Av. Rierany dels frares, 7-8 08397 Pineda de mar (Barcelona) - e-mail: <a href=\"mailto:termotur@termotur.com\">termotur@termotur.com<\/a> - Telf. <a href=\"tel:+34937690249\">937.69.02.49<\/a>.<\/div>\n<div id=\"frm_field_102_container\" class=\"frm_form_field form-field  frm_none_container vertical_radio\">\n    <label  class=\"frm_primary_label\">Autorizaci\u00f3n Informaci\u00f3n y Promociones\n        <span class=\"frm_required\"><\/span>\n    <\/label>\n    <div class=\"frm_opt_container\">\t\t<div class=\"frm_checkbox\" id=\"frm_checkbox_102-0\">\t\t\t<label  for=\"field_374sm-0\">\n\t\t\t<input type=\"checkbox\" name=\"item_meta[102][]\" id=\"field_374sm-0\" value=\"Asimismo solicitamos su autorizaci\u00f3n para enviarle informaci\u00f3n y promociones relativas a nuestros servicios.\" checked=\"checked\"  data-frmval=\"[&quot;Asimismo solicitamos su autorizaci\\u00f3n para enviarle informaci\\u00f3n y promociones relativas a nuestros servicios.&quot;]\" data-invmsg=\"Autorizaci\u00f3n Informaci\u00f3n y Promociones no es v\u00e1lido\" aria-invalid=\"false\"   \/> Asimismo solicitamos su autorizaci\u00f3n para enviarle informaci\u00f3n y promociones relativas a nuestros servicios.<\/label><\/div>\n<\/div>\n    \n    \n<\/div>\n<div id=\"frm_field_191_container\" class=\"frm_form_field form-field  frm_none_container\">\n\t<label for=\"g-recaptcha-response\" id=\"field_qw3jz_label\" class=\"frm_primary_label\">Captcha\n\t\t<span class=\"frm_required\" aria-hidden=\"true\"><\/span>\n\t<\/label>\n\t<div  id=\"field_qw3jz\" class=\"frm-g-recaptcha\" data-sitekey=\"6LdLzsQrAAAAAP6xIt7qM1G9zAJoiVqn27okHTSG\" data-size=\"invisible\" data-theme=\"light\"><\/div>\n\t\n\t\n<\/div>\n<div id=\"frm_field_187_container\" class=\"frm_form_field form-field \">\n\t<div class=\"frm_submit\">\r\n\r\n<button class=\"frm_button_submit frm_final_submit\" type=\"submit\"  >Enviar<\/button>\r\n\r\n<\/div>\n<\/div>\n\t<input type=\"hidden\" name=\"item_key\" value=\"\" \/>\n\t\t\t<div id=\"frm_field_213_container\">\n\t\t\t<label for=\"field_p4j0t\" >\n\t\t\t\tSi eres humano, deja este campo en blanco.\t\t\t<\/label>\n\t\t\t<input  id=\"field_p4j0t\" type=\"text\" class=\"frm_form_field form-field frm_verify\" name=\"item_meta[213]\" value=\"\"  \/>\n\t\t<\/div>\n\t\t<input name=\"frm_state\" type=\"hidden\" value=\"nQFpst4nXNjmNPU7Kv1tCZv6l6cCcFrzzsRVH47tDcYoWlZcQRf43kwt9N+SQyfy\" \/><\/div>\n<\/fieldset>\n<\/div>\n\n<\/form>\n<\/div>\n[\/vc_column][\/vc_row]<\/p>\n<\/div>","protected":false},"excerpt":{"rendered":"<p>[vc_row full_width=\u00bbstretch_row_content_no_spaces\u00bb css=\u00bb.vc_custom_1510849403007{margin-top: 0px !important;margin-right: 0px !important;margin-bottom: 0px !important;margin-left: 0px !important;}\u00bb][vc_column][vc_gmaps link=\u00bb#E-8_JTNDaWZyYW1lJTIwc3JjJTNEJTIyaHR0cHMlM0ElMkYlMkZ3d3cuZ29vZ2xlLmNvbSUyRm1hcHMlMkZlbWJlZCUzRnBiJTNEJTIxMW0xNCUyMTFtOCUyMTFtMyUyMTFkMTE5MzEuMjQyMDYxMTEyNzQ3JTIxMmQyLjY3MDY1OSUyMTNkNDEuNjE2NjA5JTIxM20yJTIxMWkxMDI0JTIxMmk3NjglMjE0ZjEzLjElMjEzbTMlMjExbTIlMjExczB4MCUyNTNBMHhkNTRiOTM3NTY1ODhjYTI3JTIxMnNURVJNT1RVUiUyMTVlMCUyMTNtMiUyMTFzZXMlMjEyc2VzJTIxNHYxNTEwODQ4OTY1MDM3JTIyJTIwd2lkdGglM0QlMjI1MDAlMjIlMjBoZWlnaHQlM0QlMjIzNTAlMjIlMjBmcmFtZWJvcmRlciUzRCUyMjAlMjIlMjBzdHlsZSUzRCUyMmJvcmRlciUzQTAlMjIlMjBhbGxvd2Z1bGxzY3JlZW4lM0UlM0MlMkZpZnJhbWUlM0U=\u00bb size=\u00bb350px\u00bb css=\u00bb.vc_custom_1510849378423{margin-top: 0px !important;margin-right: 0px !important;margin-bottom: 0px !important;margin-left: 0px !important;}\u00bb][\/vc_column][\/vc_row][vc_row full_width=\u00bbstretch_row\u00bb bg_type=\u00bbgrad\u00bb css=\u00bb.vc_custom_1498132089756{margin-top: 0px !important;border-top-width: 0px !important;padding-top: 50px !important;padding-bottom: 0px !important;background-color: #f9f9f9 !important;background-position: 0 0 !important;background-repeat: no-repeat !important;}\u00bb el_class=\u00bbbg_centered\u00bb bg_grad=\u00bbbackground: -webkit-gradient(linear, left top, left bottom, color-stop(0%, #E0E0E0), color-stop(1%, #F0F0F0), color-stop(2%, #F9F9F9), color-stop(77%, #FFFFFF));background:&hellip;<\/p>\n","protected":false},"author":1,"featured_media":0,"parent":0,"menu_order":0,"comment_status":"closed","ping_status":"closed","template":"","meta":{"_acf_changed":false,"footnotes":""},"class_list":["post-16686","page","type-page","status-publish","hentry","description-off"],"acf":[],"yoast_head":"<!-- This site is optimized with the Yoast SEO plugin v27.0 - https:\/\/yoast.com\/product\/yoast-seo-wordpress\/ -->\n<title>Contacto. Aire acondicionado, calefacci\u00f3n, gas - TERMOTUR<\/title>\n<meta name=\"description\" content=\"Contacto con Termotur, la empresa l\u00edder en la venta, instalaci\u00f3n y mantenimiento de aire acondicionado, calefacci\u00f3n, gas, tratamiento de aguas y energ\u00edas.\" \/>\n<meta name=\"robots\" content=\"index, follow, max-snippet:-1, max-image-preview:large, max-video-preview:-1\" \/>\n<link rel=\"canonical\" href=\"https:\/\/www.termotur.com\/es\/contacto-2\/\" \/>\n<meta property=\"og:locale\" content=\"es_ES\" \/>\n<meta property=\"og:type\" content=\"article\" \/>\n<meta property=\"og:title\" content=\"Contacto. Aire acondicionado, calefacci\u00f3n, gas - TERMOTUR\" \/>\n<meta property=\"og:description\" content=\"Contacto con Termotur, la empresa l\u00edder en la venta, instalaci\u00f3n y mantenimiento de aire acondicionado, calefacci\u00f3n, gas, tratamiento de aguas y energ\u00edas.\" \/>\n<meta property=\"og:url\" content=\"https:\/\/www.termotur.com\/es\/contacto-2\/\" \/>\n<meta property=\"og:site_name\" content=\"TERMOTUR\" \/>\n<meta property=\"article:modified_time\" content=\"2025-12-22T20:12:09+00:00\" \/>\n<meta name=\"twitter:card\" content=\"summary_large_image\" \/>\n<meta name=\"twitter:label1\" content=\"Tiempo de lectura\" \/>\n\t<meta name=\"twitter:data1\" content=\"4 minutos\" \/>\n<!-- \/ Yoast SEO plugin. -->","yoast_head_json":{"title":"Contacto. Aire acondicionado, calefacci\u00f3n, gas - TERMOTUR","description":"Contacto con Termotur, la empresa l\u00edder en la venta, instalaci\u00f3n y mantenimiento de aire acondicionado, calefacci\u00f3n, gas, tratamiento de aguas y energ\u00edas.","robots":{"index":"index","follow":"follow","max-snippet":"max-snippet:-1","max-image-preview":"max-image-preview:large","max-video-preview":"max-video-preview:-1"},"canonical":"https:\/\/www.termotur.com\/es\/contacto-2\/","og_locale":"es_ES","og_type":"article","og_title":"Contacto. Aire acondicionado, calefacci\u00f3n, gas - TERMOTUR","og_description":"Contacto con Termotur, la empresa l\u00edder en la venta, instalaci\u00f3n y mantenimiento de aire acondicionado, calefacci\u00f3n, gas, tratamiento de aguas y energ\u00edas.","og_url":"https:\/\/www.termotur.com\/es\/contacto-2\/","og_site_name":"TERMOTUR","article_modified_time":"2025-12-22T20:12:09+00:00","twitter_card":"summary_large_image","twitter_misc":{"Tiempo de lectura":"4 minutos"},"schema":{"@context":"https:\/\/schema.org","@graph":[{"@type":"WebPage","@id":"https:\/\/www.termotur.com\/es\/contacto-2\/","url":"https:\/\/www.termotur.com\/es\/contacto-2\/","name":"Contacto. Aire acondicionado, calefacci\u00f3n, gas - TERMOTUR","isPartOf":{"@id":"https:\/\/www.termotur.com\/es\/#website"},"datePublished":"2017-07-11T11:54:38+00:00","dateModified":"2025-12-22T20:12:09+00:00","description":"Contacto con Termotur, la empresa l\u00edder en la venta, instalaci\u00f3n y mantenimiento de aire acondicionado, calefacci\u00f3n, gas, tratamiento de aguas y energ\u00edas.","breadcrumb":{"@id":"https:\/\/www.termotur.com\/es\/contacto-2\/#breadcrumb"},"inLanguage":"es","potentialAction":[{"@type":"ReadAction","target":["https:\/\/www.termotur.com\/es\/contacto-2\/"]}]},{"@type":"BreadcrumbList","@id":"https:\/\/www.termotur.com\/es\/contacto-2\/#breadcrumb","itemListElement":[{"@type":"ListItem","position":1,"name":"Portada","item":"https:\/\/www.termotur.com\/es\/home\/"},{"@type":"ListItem","position":2,"name":"Contacto"}]},{"@type":"WebSite","@id":"https:\/\/www.termotur.com\/es\/#website","url":"https:\/\/www.termotur.com\/es\/","name":"TERMOTUR","description":"Aire condicionat \u00b7 Calefacci\u00f3 \u00b7 Gas \u00b7 Tractament d&#039;aig\u00fces","publisher":{"@id":"https:\/\/www.termotur.com\/es\/#organization"},"potentialAction":[{"@type":"SearchAction","target":{"@type":"EntryPoint","urlTemplate":"https:\/\/www.termotur.com\/es\/?s={search_term_string}"},"query-input":{"@type":"PropertyValueSpecification","valueRequired":true,"valueName":"search_term_string"}}],"inLanguage":"es"},{"@type":"Organization","@id":"https:\/\/www.termotur.com\/es\/#organization","name":"TERMOTUR","url":"https:\/\/www.termotur.com\/es\/","logo":{"@type":"ImageObject","inLanguage":"es","@id":"https:\/\/www.termotur.com\/es\/#\/schema\/logo\/image\/","url":"https:\/\/www.termotur.com\/wp-content\/uploads\/2017\/06\/logo-termotur-120.jpg","contentUrl":"https:\/\/www.termotur.com\/wp-content\/uploads\/2017\/06\/logo-termotur-120.jpg","width":577,"height":120,"caption":"TERMOTUR"},"image":{"@id":"https:\/\/www.termotur.com\/es\/#\/schema\/logo\/image\/"}}]}},"_links":{"self":[{"href":"https:\/\/www.termotur.com\/es\/wp-json\/wp\/v2\/pages\/16686","targetHints":{"allow":["GET"]}}],"collection":[{"href":"https:\/\/www.termotur.com\/es\/wp-json\/wp\/v2\/pages"}],"about":[{"href":"https:\/\/www.termotur.com\/es\/wp-json\/wp\/v2\/types\/page"}],"author":[{"embeddable":true,"href":"https:\/\/www.termotur.com\/es\/wp-json\/wp\/v2\/users\/1"}],"replies":[{"embeddable":true,"href":"https:\/\/www.termotur.com\/es\/wp-json\/wp\/v2\/comments?post=16686"}],"version-history":[{"count":0,"href":"https:\/\/www.termotur.com\/es\/wp-json\/wp\/v2\/pages\/16686\/revisions"}],"wp:attachment":[{"href":"https:\/\/www.termotur.com\/es\/wp-json\/wp\/v2\/media?parent=16686"}],"curies":[{"name":"wp","href":"https:\/\/api.w.org\/{rel}","templated":true}]}}